{"id":3370,"date":"2019-05-02T18:35:23","date_gmt":"2019-05-02T18:35:23","guid":{"rendered":"http:\/\/www.malicoundadance.com\/contact\/"},"modified":"2022-12-03T09:07:01","modified_gmt":"2022-12-03T17:07:01","slug":"contact","status":"publish","type":"page","link":"https:\/\/malicoundadance.com\/fr\/contact\/","title":{"rendered":"Contactez nous"},"content":{"rendered":"<div class='flex_column av-fh5gsv-9e9222c3369811a47e3e0a355fd29bb0 av_one_full  avia-builder-el-0  el_before_av_one_half  avia-builder-el-first  first flex_column_div '     ><p>\n<style type=\"text\/css\" data-created_by=\"avia_inline_auto\" id=\"style-css-av-av_heading-978e7899f376c505ecc0f83324291d5b\">\n#top .av-special-heading.av-av_heading-978e7899f376c505ecc0f83324291d5b{\npadding-bottom:10px;\n}\nbody .av-special-heading.av-av_heading-978e7899f376c505ecc0f83324291d5b .av-special-heading-tag .heading-char{\nfont-size:25px;\n}\n.av-special-heading.av-av_heading-978e7899f376c505ecc0f83324291d5b .av-subheading{\nfont-size:10px;\n}\n<\/style>\n<div  class='av-special-heading av-av_heading-978e7899f376c505ecc0f83324291d5b av-special-heading-h3 meta-heading  avia-builder-el-1  el_before_av_textblock  avia-builder-el-first  av-linked-heading'><h3 class='av-special-heading-tag'  itemprop=\"headline\"  >Merci pour votre int\u00e9r\u00eat. Vos commentaires sont tr\u00e8s appr\u00e9ci\u00e9s.<\/h3><div class=\"special-heading-border\"><div class=\"special-heading-inner-border\"><\/div><\/div><\/div><br \/>\n<section  class='av_textblock_section av-c71a3j-1cf98f6e74dc71de7233b8ecdc26f22a'  itemscope=\"itemscope\" itemtype=\"https:\/\/schema.org\/CreativeWork\" ><div class='avia_textblock'  itemprop=\"text\" ><p>Pour des informations g\u00e9n\u00e9rales ou commentaires s&rsquo;il vous pla\u00eet contacter<\/p>\n<p><strong>Tel. : 819-919-2144<\/strong><br \/>\n<a href=\"mailto:info@malicoundadance.com\">info@malicoundadance.com<\/a><\/p>\n<p><strong><br \/>\n<\/strong><em>Directrice artistique<\/em><strong><br \/>\nLouise Raymond<\/strong><\/p>\n<\/div><\/section><\/p><\/div>\n\n<style type=\"text\/css\" data-created_by=\"avia_inline_auto\" id=\"style-css-av-av_one_half-25347b0a799d5b9f7058434b2a9c3182\">\n.flex_column.av-av_one_half-25347b0a799d5b9f7058434b2a9c3182{\n-webkit-border-radius:0px 0px 0px 0px;\n-moz-border-radius:0px 0px 0px 0px;\nborder-radius:0px 0px 0px 0px;\npadding:0px 0px 0px 0px;\n}\n<\/style>\n<div class='flex_column av-av_one_half-25347b0a799d5b9f7058434b2a9c3182 av_one_half  avia-builder-el-3  el_after_av_one_full  el_before_av_one_half  first flex_column_div av-zero-column-padding column-top-margin'     ><p>\n<style type=\"text\/css\" data-created_by=\"avia_inline_auto\" id=\"style-css-av-av_heading-ed7865c4893ed611419dcf29bd58fb6e\">\n#top .av-special-heading.av-av_heading-ed7865c4893ed611419dcf29bd58fb6e{\npadding-bottom:10px;\n}\nbody .av-special-heading.av-av_heading-ed7865c4893ed611419dcf29bd58fb6e .av-special-heading-tag .heading-char{\nfont-size:25px;\n}\n.av-special-heading.av-av_heading-ed7865c4893ed611419dcf29bd58fb6e .av-subheading{\nfont-size:10px;\n}\n<\/style>\n<div  class='av-special-heading av-av_heading-ed7865c4893ed611419dcf29bd58fb6e av-special-heading-h3 meta-heading  avia-builder-el-4  el_before_av_contact  avia-builder-el-first  av-linked-heading'><h3 class='av-special-heading-tag'  itemprop=\"headline\"  >Envoyez-nous un courriel<\/h3><div class=\"special-heading-border\"><div class=\"special-heading-inner-border\"><\/div><\/div><\/div><br \/>\n<form action=\"https:\/\/malicoundadance.com\/fr\/contact\/\" method=\"post\"  class=\"avia_ajax_form av-form-labels-visible   avia-builder-el-5  el_after_av_heading  avia-builder-el-last   \" data-avia-form-id=\"1\" data-avia-redirect='' ><fieldset><p class='  first_form  form_element form_element_half' id='element_avia_1_1'><label for=\"avia_1_1\">Name <abbr class=\"required\" title=\"requis(e)\">*<\/abbr><\/label> <input name=\"avia_1_1\" class=\"text_input is_empty\" type=\"text\" id=\"avia_1_1\" value=\"\" \/><\/p><p class='  form_element form_element_half' id='element_avia_2_1'><label for=\"avia_2_1\">E-Mail <abbr class=\"required\" title=\"requis(e)\">*<\/abbr><\/label> <input name=\"avia_2_1\" class=\"text_input is_email\" type=\"text\" id=\"avia_2_1\" value=\"\" \/><\/p><p class='  first_form  form_element form_fullwidth' id='element_avia_3_1'><label for=\"avia_3_1\">Subject <abbr class=\"required\" title=\"requis(e)\">*<\/abbr><\/label> <input name=\"avia_3_1\" class=\"text_input is_empty\" type=\"text\" id=\"avia_3_1\" value=\"\" \/><\/p><p class='  first_form  form_element form_fullwidth' id='element_avia_4_1'><label for=\"avia_4_1\" class=\"textare_label hidden textare_label_avia_4_1\">Message <abbr class=\"required\" title=\"requis(e)\">*<\/abbr><\/label><textarea  name=\"avia_4_1\" class=\"text_area is_empty\" cols=\"40\" rows=\"7\" id=\"avia_4_1\" ><\/textarea><\/p><p class=\"hidden\"><input type=\"text\" name=\"avia_5_1\" class=\"hidden \" id=\"avia_5_1\" value=\"\" \/><\/p><div id='avia_6_1' class='av-recaptcha-area  first_form  form_element form_fullwidth '  data-container_class=\"\" data-custom_class=\"\" data-context=\"av_contact_form\" data-token_input=\"av_recaptcha_token\" data-version=\"avia_recaptcha_v2\" data-theme=\"light\" data-size=\"normal\" data-score=\"0.5\" data-text_to_preview=\"\" data-value=\"\"><div class=\"av-google-badge-message hidden\">Ce site est prot\u00e9g\u00e9 par reCAPTCHA et la <a href=\"https:\/\/policies.google.com\/privacy\">politique de confidentialit\u00e9<\/a> de Google et <a href=\"https:\/\/policies.google.com\/terms\">leur conditions d\u2019utilisation<\/a> s\u2019appliquent.<\/div><\/div><p class=\"form_element \"><input type=\"hidden\" value=\"1\" name=\"avia_generated_form1\" \/><input type=\"submit\" value=\"Envoyer\" class=\"button\"  data-sending-label=\"Envoi\"\/><\/p><\/fieldset><div class=\"avia-disabled-form\">Ce formulaire est d\u00e9sactiv\u00e9 dans la mesure o\u00f9 vous refusez d\u2019accepter le service Google reCAPTCHA n\u00e9cessaire pour valider toute exp\u00e9dition de message depuis celui-ci.<\/div><\/form><div id=\"ajaxresponse_1\" class=\"ajaxresponse ajaxresponse_1 hidden\"><\/div><\/p><\/div>\n\n<style type=\"text\/css\" data-created_by=\"avia_inline_auto\" id=\"style-css-av-gun0k-8c283be2d785f239a7c6d82a26cc4eae\">\n.flex_column.av-gun0k-8c283be2d785f239a7c6d82a26cc4eae{\n-webkit-border-radius:0px 0px 0px 0px;\n-moz-border-radius:0px 0px 0px 0px;\nborder-radius:0px 0px 0px 0px;\npadding:0px 0px 0px 0px;\n}\n<\/style>\n<div class='flex_column av-gun0k-8c283be2d785f239a7c6d82a26cc4eae av_one_half  avia-builder-el-6  el_after_av_one_half  avia-builder-el-last  flex_column_div av-zero-column-padding column-top-margin'     ><\/div>\n","protected":false},"excerpt":{"rendered":"","protected":false},"author":1,"featured_media":0,"parent":0,"menu_order":0,"comment_status":"closed","ping_status":"closed","template":"","meta":{"footnotes":""},"class_list":["post-3370","page","type-page","status-publish","hentry"],"yoast_head":"<!-- This site is optimized with the Yoast SEO plugin v26.5 - https:\/\/yoast.com\/wordpress\/plugins\/seo\/ -->\n<title>Contactez nous Team Building percussions, ateliers drums \u00e9v\u00e9nements<\/title>\n<meta name=\"robots\" content=\"index, follow, max-snippet:-1, max-image-preview:large, max-video-preview:-1\" \/>\n<link rel=\"canonical\" href=\"https:\/\/malicoundadance.com\/fr\/contact\/\" \/>\n<meta property=\"og:locale\" content=\"fr_FR\" \/>\n<meta property=\"og:type\" content=\"article\" \/>\n<meta property=\"og:title\" content=\"Contactez nous Team Building percussions, ateliers drums \u00e9v\u00e9nements\" \/>\n<meta property=\"og:url\" content=\"https:\/\/malicoundadance.com\/fr\/contact\/\" \/>\n<meta property=\"og:site_name\" content=\"Drums Workshops for Schools - Team Building Events - African Dance\" \/>\n<meta property=\"article:modified_time\" content=\"2022-12-03T17:07:01+00:00\" \/>\n<meta name=\"twitter:card\" content=\"summary_large_image\" \/>\n<meta name=\"twitter:label1\" content=\"Dur\u00e9e de lecture estim\u00e9e\" \/>\n\t<meta name=\"twitter:data1\" content=\"4 minutes\" \/>\n<script type=\"application\/ld+json\" class=\"yoast-schema-graph\">{\"@context\":\"https:\/\/schema.org\",\"@graph\":[{\"@type\":\"WebPage\",\"@id\":\"https:\/\/malicoundadance.com\/fr\/contact\/\",\"url\":\"https:\/\/malicoundadance.com\/fr\/contact\/\",\"name\":\"Contactez nous Team Building percussions, ateliers drums \u00e9v\u00e9nements\",\"isPartOf\":{\"@id\":\"https:\/\/malicoundadance.com\/fr\/#website\"},\"datePublished\":\"2019-05-02T18:35:23+00:00\",\"dateModified\":\"2022-12-03T17:07:01+00:00\",\"breadcrumb\":{\"@id\":\"https:\/\/malicoundadance.com\/fr\/contact\/#breadcrumb\"},\"inLanguage\":\"fr-FR\",\"potentialAction\":[{\"@type\":\"ReadAction\",\"target\":[\"https:\/\/malicoundadance.com\/fr\/contact\/\"]}]},{\"@type\":\"BreadcrumbList\",\"@id\":\"https:\/\/malicoundadance.com\/fr\/contact\/#breadcrumb\",\"itemListElement\":[{\"@type\":\"ListItem\",\"position\":1,\"name\":\"Home\",\"item\":\"https:\/\/malicoundadance.com\/fr\/\"},{\"@type\":\"ListItem\",\"position\":2,\"name\":\"Contactez nous\"}]},{\"@type\":\"WebSite\",\"@id\":\"https:\/\/malicoundadance.com\/fr\/#website\",\"url\":\"https:\/\/malicoundadance.com\/fr\/\",\"name\":\"Drums Workshops for Schools - Team Building Events - African Dance\",\"description\":\"We specialize in African dance and music education for early childhood educators and elementary school teachers on Motivating Children through Music.\",\"publisher\":{\"@id\":\"https:\/\/malicoundadance.com\/fr\/#organization\"},\"potentialAction\":[{\"@type\":\"SearchAction\",\"target\":{\"@type\":\"EntryPoint\",\"urlTemplate\":\"https:\/\/malicoundadance.com\/fr\/?s={search_term_string}\"},\"query-input\":{\"@type\":\"PropertyValueSpecification\",\"valueRequired\":true,\"valueName\":\"search_term_string\"}}],\"inLanguage\":\"fr-FR\"},{\"@type\":\"Organization\",\"@id\":\"https:\/\/malicoundadance.com\/fr\/#organization\",\"name\":\"Malicounda Dance\",\"url\":\"https:\/\/malicoundadance.com\/fr\/\",\"logo\":{\"@type\":\"ImageObject\",\"inLanguage\":\"fr-FR\",\"@id\":\"https:\/\/malicoundadance.com\/fr\/#\/schema\/logo\/image\/\",\"url\":\"https:\/\/malicoundadance.com\/wp-content\/uploads\/2019\/06\/malicounda-team-building-percussion-drumming-logo300.png\",\"contentUrl\":\"https:\/\/malicoundadance.com\/wp-content\/uploads\/2019\/06\/malicounda-team-building-percussion-drumming-logo300.png\",\"width\":300,\"height\":138,\"caption\":\"Malicounda Dance\"},\"image\":{\"@id\":\"https:\/\/malicoundadance.com\/fr\/#\/schema\/logo\/image\/\"}}]}<\/script>\n<!-- \/ Yoast SEO plugin. -->","yoast_head_json":{"title":"Contactez nous Team Building percussions, ateliers drums \u00e9v\u00e9nements","robots":{"index":"index","follow":"follow","max-snippet":"max-snippet:-1","max-image-preview":"max-image-preview:large","max-video-preview":"max-video-preview:-1"},"canonical":"https:\/\/malicoundadance.com\/fr\/contact\/","og_locale":"fr_FR","og_type":"article","og_title":"Contactez nous Team Building percussions, ateliers drums \u00e9v\u00e9nements","og_url":"https:\/\/malicoundadance.com\/fr\/contact\/","og_site_name":"Drums Workshops for Schools - Team Building Events - African Dance","article_modified_time":"2022-12-03T17:07:01+00:00","twitter_card":"summary_large_image","twitter_misc":{"Dur\u00e9e de lecture estim\u00e9e":"4 minutes"},"schema":{"@context":"https:\/\/schema.org","@graph":[{"@type":"WebPage","@id":"https:\/\/malicoundadance.com\/fr\/contact\/","url":"https:\/\/malicoundadance.com\/fr\/contact\/","name":"Contactez nous Team Building percussions, ateliers drums \u00e9v\u00e9nements","isPartOf":{"@id":"https:\/\/malicoundadance.com\/fr\/#website"},"datePublished":"2019-05-02T18:35:23+00:00","dateModified":"2022-12-03T17:07:01+00:00","breadcrumb":{"@id":"https:\/\/malicoundadance.com\/fr\/contact\/#breadcrumb"},"inLanguage":"fr-FR","potentialAction":[{"@type":"ReadAction","target":["https:\/\/malicoundadance.com\/fr\/contact\/"]}]},{"@type":"BreadcrumbList","@id":"https:\/\/malicoundadance.com\/fr\/contact\/#breadcrumb","itemListElement":[{"@type":"ListItem","position":1,"name":"Home","item":"https:\/\/malicoundadance.com\/fr\/"},{"@type":"ListItem","position":2,"name":"Contactez nous"}]},{"@type":"WebSite","@id":"https:\/\/malicoundadance.com\/fr\/#website","url":"https:\/\/malicoundadance.com\/fr\/","name":"Drums Workshops for Schools - Team Building Events - African Dance","description":"We specialize in African dance and music education for early childhood educators and elementary school teachers on Motivating Children through Music.","publisher":{"@id":"https:\/\/malicoundadance.com\/fr\/#organization"},"potentialAction":[{"@type":"SearchAction","target":{"@type":"EntryPoint","urlTemplate":"https:\/\/malicoundadance.com\/fr\/?s={search_term_string}"},"query-input":{"@type":"PropertyValueSpecification","valueRequired":true,"valueName":"search_term_string"}}],"inLanguage":"fr-FR"},{"@type":"Organization","@id":"https:\/\/malicoundadance.com\/fr\/#organization","name":"Malicounda Dance","url":"https:\/\/malicoundadance.com\/fr\/","logo":{"@type":"ImageObject","inLanguage":"fr-FR","@id":"https:\/\/malicoundadance.com\/fr\/#\/schema\/logo\/image\/","url":"https:\/\/malicoundadance.com\/wp-content\/uploads\/2019\/06\/malicounda-team-building-percussion-drumming-logo300.png","contentUrl":"https:\/\/malicoundadance.com\/wp-content\/uploads\/2019\/06\/malicounda-team-building-percussion-drumming-logo300.png","width":300,"height":138,"caption":"Malicounda Dance"},"image":{"@id":"https:\/\/malicoundadance.com\/fr\/#\/schema\/logo\/image\/"}}]}},"_links":{"self":[{"href":"https:\/\/malicoundadance.com\/fr\/wp-json\/wp\/v2\/pages\/3370","targetHints":{"allow":["GET"]}}],"collection":[{"href":"https:\/\/malicoundadance.com\/fr\/wp-json\/wp\/v2\/pages"}],"about":[{"href":"https:\/\/malicoundadance.com\/fr\/wp-json\/wp\/v2\/types\/page"}],"author":[{"embeddable":true,"href":"https:\/\/malicoundadance.com\/fr\/wp-json\/wp\/v2\/users\/1"}],"replies":[{"embeddable":true,"href":"https:\/\/malicoundadance.com\/fr\/wp-json\/wp\/v2\/comments?post=3370"}],"version-history":[{"count":9,"href":"https:\/\/malicoundadance.com\/fr\/wp-json\/wp\/v2\/pages\/3370\/revisions"}],"predecessor-version":[{"id":6387,"href":"https:\/\/malicoundadance.com\/fr\/wp-json\/wp\/v2\/pages\/3370\/revisions\/6387"}],"wp:attachment":[{"href":"https:\/\/malicoundadance.com\/fr\/wp-json\/wp\/v2\/media?parent=3370"}],"curies":[{"name":"wp","href":"https:\/\/api.w.org\/{rel}","templated":true}]}}