{"id":4896,"date":"2019-06-17T13:55:11","date_gmt":"2019-06-17T20:55:11","guid":{"rendered":"http:\/\/www.malicoundadance.com\/temoignages\/"},"modified":"2019-06-17T13:55:12","modified_gmt":"2019-06-17T20:55:12","slug":"temoignages","status":"publish","type":"page","link":"https:\/\/malicoundadance.com\/fr\/temoignages\/","title":{"rendered":"T\u00e9moignages"},"content":{"rendered":"\n<style type=\"text\/css\" data-created_by=\"avia_inline_auto\" id=\"style-css-av-breqbb-433041b437dd281b3ae921af4a5d960a\">\n.flex_column.av-breqbb-433041b437dd281b3ae921af4a5d960a{\n-webkit-border-radius:0px 0px 0px 0px;\n-moz-border-radius:0px 0px 0px 0px;\nborder-radius:0px 0px 0px 0px;\npadding:0px 0px 0px 0px;\n}\n<\/style>\n<div class='flex_column av-breqbb-433041b437dd281b3ae921af4a5d960a av_one_full  avia-builder-el-0  avia-builder-el-no-sibling  first flex_column_div av-zero-column-padding '     ><div  class='avia-testimonial-wrapper av-jx0nzcez-b1d888bab22adb8d4b3d326856e7f416 avia-slider-testimonials avia-slider-4-testimonials avia_animate_when_almost_visible av-slideshow-ui av-control-default av-slider-hover-pause av-slideshow-autoplay av-loop-endless av-loop-manual-endless' data-slideshow-options=\"{&quot;animation&quot;:&quot;fade&quot;,&quot;autoplay&quot;:true,&quot;loop_autoplay&quot;:&quot;endless&quot;,&quot;interval&quot;:5,&quot;loop_manual&quot;:&quot;manual-endless&quot;,&quot;autoplay_stopper&quot;:false,&quot;noNavigation&quot;:false,&quot;bg_slider&quot;:false,&quot;keep_padding&quot;:&quot;&quot;,&quot;hoverpause&quot;:true,&quot;show_slide_delay&quot;:0}\">\n<section class=\"avia-testimonial-row\"><div class='avia-testimonial av-ayxcqf-6836e78c3f235d0bf6a3fc3a01c34c0f avia-testimonial-row-1 avia-first-testimonial flex_column no_margin av_one_fourth'><div class='avia-testimonial_inner'  itemscope=\"itemscope\" itemtype=\"https:\/\/schema.org\/CreativeWork\" ><div class='avia-testimonial-content '><div class='avia-testimonial-markup-entry-content'  itemprop=\"text\" ><p>Durant la performance, l\u2019\u00e9nergie de la troupe a \u00e9lectris\u00e9 la salle.<\/p>\n<\/div><\/div><div class=\"avia-testimonial-meta\"><div class=\"avia-testimonial-arrow-wrap\"><div class=\"avia-arrow\"><\/div><\/div><div class='avia-testimonial-image'  itemprop=\"image\" ><img loading=\"lazy\" decoding=\"async\" width=\"180\" height=\"180\" src=\"https:\/\/malicoundadance.com\/wp-content\/uploads\/2019\/06\/testimonials-icon.png\" class=\"attachment-square size-square\" alt=\"\" srcset=\"https:\/\/malicoundadance.com\/wp-content\/uploads\/2019\/06\/testimonials-icon.png 180w, https:\/\/malicoundadance.com\/wp-content\/uploads\/2019\/06\/testimonials-icon-80x80.png 80w, https:\/\/malicoundadance.com\/wp-content\/uploads\/2019\/06\/testimonials-icon-36x36.png 36w, https:\/\/malicoundadance.com\/wp-content\/uploads\/2019\/06\/testimonials-icon-100x100.png 100w\" sizes=\"auto, (max-width: 180px) 100vw, 180px\" \/><\/div><div class='avia-testimonial-meta-mini'  itemprop=\"author\" itemscope=\"itemscope\" itemtype=\"https:\/\/schema.org\/Person\" ><strong  class='avia-testimonial-name'  itemprop=\"name\" >Queen\u2019s Charlotte Island<\/strong><span  class='avia-testimonial-subtitle '  itemprop=\"jobTitle\" >Art Council, C.B.<\/span><\/div><\/div><\/div><\/div>\n<div class='avia-testimonial av-9saadz-9e797ddd91a64c37f0371ba934b20501 avia-testimonial-row-1 flex_column no_margin av_one_fourth'><div class='avia-testimonial_inner'  itemscope=\"itemscope\" itemtype=\"https:\/\/schema.org\/CreativeWork\" ><div class='avia-testimonial-content '><div class='avia-testimonial-markup-entry-content'  itemprop=\"text\" ><p>Ce spectacle fut peut-\u00eatre le concert invit\u00e9 le plus m\u00e9morable de l\u2019ann\u00e9e derni\u00e8re. La performance \u00e9tait tr\u00e8s interactive. Mme Raymond a m\u00eame r\u00e9ussi \u00e0 faire participer les les 280 enfants dans quelques danses.<\/p>\n<\/div><\/div><div class=\"avia-testimonial-meta\"><div class=\"avia-testimonial-arrow-wrap\"><div class=\"avia-arrow\"><\/div><\/div><div class='avia-testimonial-image'  itemprop=\"image\" ><img loading=\"lazy\" decoding=\"async\" width=\"180\" height=\"180\" src=\"https:\/\/malicoundadance.com\/wp-content\/uploads\/2019\/06\/testimonials-icon.png\" class=\"attachment-square size-square\" alt=\"\" srcset=\"https:\/\/malicoundadance.com\/wp-content\/uploads\/2019\/06\/testimonials-icon.png 180w, https:\/\/malicoundadance.com\/wp-content\/uploads\/2019\/06\/testimonials-icon-80x80.png 80w, https:\/\/malicoundadance.com\/wp-content\/uploads\/2019\/06\/testimonials-icon-36x36.png 36w, https:\/\/malicoundadance.com\/wp-content\/uploads\/2019\/06\/testimonials-icon-100x100.png 100w\" sizes=\"auto, (max-width: 180px) 100vw, 180px\" \/><\/div><div class='avia-testimonial-meta-mini'  itemprop=\"author\" itemscope=\"itemscope\" itemtype=\"https:\/\/schema.org\/Person\" ><strong  class='avia-testimonial-name'  itemprop=\"name\" >\u00c9cole \u00e9l\u00e9mentaire de Smither, C. -B., Anne Marie Findlay<\/strong><span  class='avia-testimonial-subtitle '  itemprop=\"jobTitle\" > <\/span><\/div><\/div><\/div><\/div>\n<div class='avia-testimonial av-766asn-bb0255576c607f0b24e731baa73fd4c1 avia-testimonial-row-1 flex_column no_margin av_one_fourth'><div class='avia-testimonial_inner'  itemscope=\"itemscope\" itemtype=\"https:\/\/schema.org\/CreativeWork\" ><div class='avia-testimonial-content '><div class='avia-testimonial-markup-entry-content'  itemprop=\"text\" ><p>Les enseignants et les \u00e9tudiants ont \u00e9t\u00e9 captiv\u00e9s par la performance entra\u00eenante, color\u00e9e, divertissante et \u00e9ducative de tous les membres de la troupe.<\/p>\n<\/div><\/div><div class=\"avia-testimonial-meta\"><div class=\"avia-testimonial-arrow-wrap\"><div class=\"avia-arrow\"><\/div><\/div><div class='avia-testimonial-image'  itemprop=\"image\" ><img loading=\"lazy\" decoding=\"async\" width=\"180\" height=\"180\" src=\"https:\/\/malicoundadance.com\/wp-content\/uploads\/2019\/06\/testimonials-icon.png\" class=\"attachment-square size-square\" alt=\"\" srcset=\"https:\/\/malicoundadance.com\/wp-content\/uploads\/2019\/06\/testimonials-icon.png 180w, https:\/\/malicoundadance.com\/wp-content\/uploads\/2019\/06\/testimonials-icon-80x80.png 80w, https:\/\/malicoundadance.com\/wp-content\/uploads\/2019\/06\/testimonials-icon-36x36.png 36w, https:\/\/malicoundadance.com\/wp-content\/uploads\/2019\/06\/testimonials-icon-100x100.png 100w\" sizes=\"auto, (max-width: 180px) 100vw, 180px\" \/><\/div><div class='avia-testimonial-meta-mini'  itemprop=\"author\" itemscope=\"itemscope\" itemtype=\"https:\/\/schema.org\/Person\" ><strong  class='avia-testimonial-name'  itemprop=\"name\" >\u00c9cole \u00e9l\u00e9mentaire de Christina Lake<\/strong><span  class='avia-testimonial-subtitle '  itemprop=\"jobTitle\" >C. B.<\/span><\/div><\/div><\/div><\/div>\n<div class='avia-testimonial av-6bnmbr-760f9cb1624e40878cbdb6fd57f36813 avia-testimonial-row-1 flex_column no_margin av_one_fourth'><div class='avia-testimonial_inner'  itemscope=\"itemscope\" itemtype=\"https:\/\/schema.org\/CreativeWork\" ><div class='avia-testimonial-content '><div class='avia-testimonial-markup-entry-content'  itemprop=\"text\" ><p>Un examen r\u00e9cent des \u00e9valuations des participants (es) aux congr\u00e8s de professeurs \u00e0 l&rsquo;\u00e9chelle de la province de l&rsquo;Alberta effectu\u00e9 derni\u00e8rement a r\u00e9v\u00e9l\u00e9 que vos ateliers avaient re\u00e7u les plus hautes cotes en 2013<\/p>\n<\/div><\/div><div class=\"avia-testimonial-meta\"><div class=\"avia-testimonial-arrow-wrap\"><div class=\"avia-arrow\"><\/div><\/div><div class='avia-testimonial-image'  itemprop=\"image\" ><img loading=\"lazy\" decoding=\"async\" width=\"180\" height=\"180\" src=\"https:\/\/malicoundadance.com\/wp-content\/uploads\/2019\/06\/testimonials-icon.png\" class=\"attachment-square size-square\" alt=\"\" srcset=\"https:\/\/malicoundadance.com\/wp-content\/uploads\/2019\/06\/testimonials-icon.png 180w, https:\/\/malicoundadance.com\/wp-content\/uploads\/2019\/06\/testimonials-icon-80x80.png 80w, https:\/\/malicoundadance.com\/wp-content\/uploads\/2019\/06\/testimonials-icon-36x36.png 36w, https:\/\/malicoundadance.com\/wp-content\/uploads\/2019\/06\/testimonials-icon-100x100.png 100w\" sizes=\"auto, (max-width: 180px) 100vw, 180px\" \/><\/div><div class='avia-testimonial-meta-mini'  itemprop=\"author\" itemscope=\"itemscope\" itemtype=\"https:\/\/schema.org\/Person\" ><strong  class='avia-testimonial-name'  itemprop=\"name\" >Palliser District Teacher\u2019s Convention Association <\/strong><span  class='avia-testimonial-subtitle '  itemprop=\"jobTitle\" > <\/span><\/div><\/div><\/div><\/div>\n<div class='avia-testimonial av-3hqupj-053dc245b9e28c264c463200330f22f1 avia-testimonial-row-1 flex_column no_margin av_one_fourth'><div class='avia-testimonial_inner'  itemscope=\"itemscope\" itemtype=\"https:\/\/schema.org\/CreativeWork\" ><div class='avia-testimonial-content '><div class='avia-testimonial-markup-entry-content'  itemprop=\"text\" ><p>De remarquables m\u00e9taphores prennent vie durant ces ateliers \u2013 renforcement d&rsquo;\u00e9quipe, communication, collaboration et leadership.<\/p>\n<\/div><\/div><div class=\"avia-testimonial-meta\"><div class=\"avia-testimonial-arrow-wrap\"><div class=\"avia-arrow\"><\/div><\/div><div class='avia-testimonial-image'  itemprop=\"image\" ><img loading=\"lazy\" decoding=\"async\" width=\"180\" height=\"180\" src=\"https:\/\/malicoundadance.com\/wp-content\/uploads\/2019\/06\/testimonials-icon.png\" class=\"attachment-square size-square\" alt=\"\" srcset=\"https:\/\/malicoundadance.com\/wp-content\/uploads\/2019\/06\/testimonials-icon.png 180w, https:\/\/malicoundadance.com\/wp-content\/uploads\/2019\/06\/testimonials-icon-80x80.png 80w, https:\/\/malicoundadance.com\/wp-content\/uploads\/2019\/06\/testimonials-icon-36x36.png 36w, https:\/\/malicoundadance.com\/wp-content\/uploads\/2019\/06\/testimonials-icon-100x100.png 100w\" sizes=\"auto, (max-width: 180px) 100vw, 180px\" \/><\/div><div class='avia-testimonial-meta-mini'  itemprop=\"author\" itemscope=\"itemscope\" itemtype=\"https:\/\/schema.org\/Person\" ><strong  class='avia-testimonial-name'  itemprop=\"name\" >Nadie Raynolds<\/strong><span  class='avia-testimonial-subtitle '  itemprop=\"jobTitle\" >Toronto, Ontario<\/span><\/div><\/div><\/div><\/div>\n<div class='avia-testimonial av-8r6c7-67dad50f6ee53a9e7e968245a541509b avia-testimonial-row-1 flex_column no_margin av_one_fourth'><div class='avia-testimonial_inner'  itemscope=\"itemscope\" itemtype=\"https:\/\/schema.org\/CreativeWork\" ><div class='avia-testimonial-content '><div class='avia-testimonial-markup-entry-content'  itemprop=\"text\" ><p>\u00ab\u00a0My name is Nick and I am special education teacher who works with children in grade 3 and who are on the autism spectrum.\u00a0 Louise ran a one-hour session for three of our special need\u2019s classes (18 students, 9 staff).\u00a0 It was amazing!\u00a0 The session was well structured with a variety of activities and we were able to use quality instruments.\u00a0 The session brought everyone out of their shell- adults included!\u00a0 Our students\u2019 personalities all came out as they are given the space to explore and express themselves as they please.\u00a0 Teaching creativity is difficult, but I can safely say that our session brought about much creativity.\u00a0 It was a very meaningful experience and afterwards, all of our students were more productive, calmer and seemed happier throughout the day!<\/p>\n<p>The 20-minute improvisation portion of the session is something I will remember for a long time!\u00a0 The smiles, movements, voices, rhythms, laughter, focus and positive energy was something truly beautiful.\u00a0 We were connected through rhythm on a level that can only be achieved through art (creative expression).\u00a0 It inspired us all, even those who have no musical training.\u00a0 I think letting loose like that is so important for us as human beings as it teaches us just that, how to be.\u00a0 I have been inspired to bring in more music\/movement activities into my class.\u00a0 I really appreciate the experience that Louise facilitated for us.\u00a0\u00bb<\/p>\n<\/div><\/div><div class=\"avia-testimonial-meta\"><div class=\"avia-testimonial-arrow-wrap\"><div class=\"avia-arrow\"><\/div><\/div><div class='avia-testimonial-image'  itemprop=\"image\" ><img loading=\"lazy\" decoding=\"async\" width=\"180\" height=\"180\" src=\"https:\/\/malicoundadance.com\/wp-content\/uploads\/2019\/06\/testimonials-icon.png\" class=\"attachment-square size-square\" alt=\"\" srcset=\"https:\/\/malicoundadance.com\/wp-content\/uploads\/2019\/06\/testimonials-icon.png 180w, https:\/\/malicoundadance.com\/wp-content\/uploads\/2019\/06\/testimonials-icon-80x80.png 80w, https:\/\/malicoundadance.com\/wp-content\/uploads\/2019\/06\/testimonials-icon-36x36.png 36w, https:\/\/malicoundadance.com\/wp-content\/uploads\/2019\/06\/testimonials-icon-100x100.png 100w\" sizes=\"auto, (max-width: 180px) 100vw, 180px\" \/><\/div><div class='avia-testimonial-meta-mini'  itemprop=\"author\" itemscope=\"itemscope\" itemtype=\"https:\/\/schema.org\/Person\" ><strong  class='avia-testimonial-name'  itemprop=\"name\" >Bon Miller, Nick<\/strong><span  class='avia-testimonial-subtitle '  itemprop=\"jobTitle\" >Special Education Teacher, Crestview Elementary, Laval, Quebec<\/span><\/div><\/div><\/div><\/div>\n<\/section><div class='avia-slideshow-arrows avia-slideshow-controls' ><a href='#prev' class='prev-slide ' aria-hidden='true' data-av_icon='\ue87c' data-av_iconfont='entypo-fontello'  tabindex='-1'>Pr\u00e9c\u00e9dent<\/a><a href='#next' class='next-slide ' aria-hidden='true' data-av_icon='\ue87d' data-av_iconfont='entypo-fontello'  tabindex='-1'>Suivant<\/a><\/div><\/div><\/div>\n","protected":false},"excerpt":{"rendered":"","protected":false},"author":1,"featured_media":0,"parent":0,"menu_order":0,"comment_status":"closed","ping_status":"closed","template":"","meta":{"footnotes":""},"class_list":["post-4896","page","type-page","status-publish","hentry"],"yoast_head":"<!-- This site is optimized with the Yoast SEO plugin v26.5 - https:\/\/yoast.com\/wordpress\/plugins\/seo\/ -->\n<title>T\u00e9moignages, Ateliers percussions pour \u00e9coles - \u00c9v\u00e9nements de consolidation d&#039;\u00e9quipe (Team Building)<\/title>\n<meta name=\"description\" content=\"Aide \u00e0 d\u00e9velopper les comp\u00e9tences de team building de mani\u00e8re inattendue, mais tr\u00e8s efficace!\" \/>\n<meta name=\"robots\" content=\"index, follow, max-snippet:-1, max-image-preview:large, max-video-preview:-1\" \/>\n<link rel=\"canonical\" href=\"https:\/\/malicoundadance.com\/fr\/temoignages\/\" \/>\n<meta property=\"og:locale\" content=\"fr_FR\" \/>\n<meta property=\"og:type\" content=\"article\" \/>\n<meta property=\"og:title\" content=\"T\u00e9moignages, Ateliers percussions pour \u00e9coles - \u00c9v\u00e9nements de consolidation d&#039;\u00e9quipe (Team Building)\" \/>\n<meta property=\"og:description\" content=\"Aide \u00e0 d\u00e9velopper les comp\u00e9tences de team building de mani\u00e8re inattendue, mais tr\u00e8s efficace!\" \/>\n<meta property=\"og:url\" content=\"https:\/\/malicoundadance.com\/fr\/temoignages\/\" \/>\n<meta property=\"og:site_name\" content=\"Drums Workshops for Schools - Team Building Events - African Dance\" \/>\n<meta property=\"article:modified_time\" content=\"2019-06-17T20:55:12+00:00\" \/>\n<meta name=\"twitter:card\" content=\"summary_large_image\" \/>\n<meta name=\"twitter:label1\" content=\"Dur\u00e9e de lecture estim\u00e9e\" \/>\n\t<meta name=\"twitter:data1\" content=\"3 minutes\" \/>\n<script type=\"application\/ld+json\" class=\"yoast-schema-graph\">{\"@context\":\"https:\/\/schema.org\",\"@graph\":[{\"@type\":\"WebPage\",\"@id\":\"https:\/\/malicoundadance.com\/fr\/temoignages\/\",\"url\":\"https:\/\/malicoundadance.com\/fr\/temoignages\/\",\"name\":\"T\u00e9moignages, Ateliers percussions pour \u00e9coles - \u00c9v\u00e9nements de consolidation d'\u00e9quipe (Team Building)\",\"isPartOf\":{\"@id\":\"https:\/\/malicoundadance.com\/fr\/#website\"},\"datePublished\":\"2019-06-17T20:55:11+00:00\",\"dateModified\":\"2019-06-17T20:55:12+00:00\",\"description\":\"Aide \u00e0 d\u00e9velopper les comp\u00e9tences de team building de mani\u00e8re inattendue, mais tr\u00e8s efficace!\",\"breadcrumb\":{\"@id\":\"https:\/\/malicoundadance.com\/fr\/temoignages\/#breadcrumb\"},\"inLanguage\":\"fr-FR\",\"potentialAction\":[{\"@type\":\"ReadAction\",\"target\":[\"https:\/\/malicoundadance.com\/fr\/temoignages\/\"]}]},{\"@type\":\"BreadcrumbList\",\"@id\":\"https:\/\/malicoundadance.com\/fr\/temoignages\/#breadcrumb\",\"itemListElement\":[{\"@type\":\"ListItem\",\"position\":1,\"name\":\"Home\",\"item\":\"https:\/\/malicoundadance.com\/fr\/\"},{\"@type\":\"ListItem\",\"position\":2,\"name\":\"T\u00e9moignages\"}]},{\"@type\":\"WebSite\",\"@id\":\"https:\/\/malicoundadance.com\/fr\/#website\",\"url\":\"https:\/\/malicoundadance.com\/fr\/\",\"name\":\"Drums Workshops for Schools - Team Building Events - African Dance\",\"description\":\"We specialize in African dance and music education for early childhood educators and elementary school teachers on Motivating Children through Music.\",\"publisher\":{\"@id\":\"https:\/\/malicoundadance.com\/fr\/#organization\"},\"potentialAction\":[{\"@type\":\"SearchAction\",\"target\":{\"@type\":\"EntryPoint\",\"urlTemplate\":\"https:\/\/malicoundadance.com\/fr\/?s={search_term_string}\"},\"query-input\":{\"@type\":\"PropertyValueSpecification\",\"valueRequired\":true,\"valueName\":\"search_term_string\"}}],\"inLanguage\":\"fr-FR\"},{\"@type\":\"Organization\",\"@id\":\"https:\/\/malicoundadance.com\/fr\/#organization\",\"name\":\"Malicounda Dance\",\"url\":\"https:\/\/malicoundadance.com\/fr\/\",\"logo\":{\"@type\":\"ImageObject\",\"inLanguage\":\"fr-FR\",\"@id\":\"https:\/\/malicoundadance.com\/fr\/#\/schema\/logo\/image\/\",\"url\":\"https:\/\/malicoundadance.com\/wp-content\/uploads\/2019\/06\/malicounda-team-building-percussion-drumming-logo300.png\",\"contentUrl\":\"https:\/\/malicoundadance.com\/wp-content\/uploads\/2019\/06\/malicounda-team-building-percussion-drumming-logo300.png\",\"width\":300,\"height\":138,\"caption\":\"Malicounda Dance\"},\"image\":{\"@id\":\"https:\/\/malicoundadance.com\/fr\/#\/schema\/logo\/image\/\"}}]}<\/script>\n<!-- \/ Yoast SEO plugin. -->","yoast_head_json":{"title":"T\u00e9moignages, Ateliers percussions pour \u00e9coles - \u00c9v\u00e9nements de consolidation d'\u00e9quipe (Team Building)","description":"Aide \u00e0 d\u00e9velopper les comp\u00e9tences de team building de mani\u00e8re inattendue, mais tr\u00e8s efficace!","robots":{"index":"index","follow":"follow","max-snippet":"max-snippet:-1","max-image-preview":"max-image-preview:large","max-video-preview":"max-video-preview:-1"},"canonical":"https:\/\/malicoundadance.com\/fr\/temoignages\/","og_locale":"fr_FR","og_type":"article","og_title":"T\u00e9moignages, Ateliers percussions pour \u00e9coles - \u00c9v\u00e9nements de consolidation d'\u00e9quipe (Team Building)","og_description":"Aide \u00e0 d\u00e9velopper les comp\u00e9tences de team building de mani\u00e8re inattendue, mais tr\u00e8s efficace!","og_url":"https:\/\/malicoundadance.com\/fr\/temoignages\/","og_site_name":"Drums Workshops for Schools - Team Building Events - African Dance","article_modified_time":"2019-06-17T20:55:12+00:00","twitter_card":"summary_large_image","twitter_misc":{"Dur\u00e9e de lecture estim\u00e9e":"3 minutes"},"schema":{"@context":"https:\/\/schema.org","@graph":[{"@type":"WebPage","@id":"https:\/\/malicoundadance.com\/fr\/temoignages\/","url":"https:\/\/malicoundadance.com\/fr\/temoignages\/","name":"T\u00e9moignages, Ateliers percussions pour \u00e9coles - \u00c9v\u00e9nements de consolidation d'\u00e9quipe (Team Building)","isPartOf":{"@id":"https:\/\/malicoundadance.com\/fr\/#website"},"datePublished":"2019-06-17T20:55:11+00:00","dateModified":"2019-06-17T20:55:12+00:00","description":"Aide \u00e0 d\u00e9velopper les comp\u00e9tences de team building de mani\u00e8re inattendue, mais tr\u00e8s efficace!","breadcrumb":{"@id":"https:\/\/malicoundadance.com\/fr\/temoignages\/#breadcrumb"},"inLanguage":"fr-FR","potentialAction":[{"@type":"ReadAction","target":["https:\/\/malicoundadance.com\/fr\/temoignages\/"]}]},{"@type":"BreadcrumbList","@id":"https:\/\/malicoundadance.com\/fr\/temoignages\/#breadcrumb","itemListElement":[{"@type":"ListItem","position":1,"name":"Home","item":"https:\/\/malicoundadance.com\/fr\/"},{"@type":"ListItem","position":2,"name":"T\u00e9moignages"}]},{"@type":"WebSite","@id":"https:\/\/malicoundadance.com\/fr\/#website","url":"https:\/\/malicoundadance.com\/fr\/","name":"Drums Workshops for Schools - Team Building Events - African Dance","description":"We specialize in African dance and music education for early childhood educators and elementary school teachers on Motivating Children through Music.","publisher":{"@id":"https:\/\/malicoundadance.com\/fr\/#organization"},"potentialAction":[{"@type":"SearchAction","target":{"@type":"EntryPoint","urlTemplate":"https:\/\/malicoundadance.com\/fr\/?s={search_term_string}"},"query-input":{"@type":"PropertyValueSpecification","valueRequired":true,"valueName":"search_term_string"}}],"inLanguage":"fr-FR"},{"@type":"Organization","@id":"https:\/\/malicoundadance.com\/fr\/#organization","name":"Malicounda Dance","url":"https:\/\/malicoundadance.com\/fr\/","logo":{"@type":"ImageObject","inLanguage":"fr-FR","@id":"https:\/\/malicoundadance.com\/fr\/#\/schema\/logo\/image\/","url":"https:\/\/malicoundadance.com\/wp-content\/uploads\/2019\/06\/malicounda-team-building-percussion-drumming-logo300.png","contentUrl":"https:\/\/malicoundadance.com\/wp-content\/uploads\/2019\/06\/malicounda-team-building-percussion-drumming-logo300.png","width":300,"height":138,"caption":"Malicounda Dance"},"image":{"@id":"https:\/\/malicoundadance.com\/fr\/#\/schema\/logo\/image\/"}}]}},"_links":{"self":[{"href":"https:\/\/malicoundadance.com\/fr\/wp-json\/wp\/v2\/pages\/4896","targetHints":{"allow":["GET"]}}],"collection":[{"href":"https:\/\/malicoundadance.com\/fr\/wp-json\/wp\/v2\/pages"}],"about":[{"href":"https:\/\/malicoundadance.com\/fr\/wp-json\/wp\/v2\/types\/page"}],"author":[{"embeddable":true,"href":"https:\/\/malicoundadance.com\/fr\/wp-json\/wp\/v2\/users\/1"}],"replies":[{"embeddable":true,"href":"https:\/\/malicoundadance.com\/fr\/wp-json\/wp\/v2\/comments?post=4896"}],"version-history":[{"count":2,"href":"https:\/\/malicoundadance.com\/fr\/wp-json\/wp\/v2\/pages\/4896\/revisions"}],"predecessor-version":[{"id":4898,"href":"https:\/\/malicoundadance.com\/fr\/wp-json\/wp\/v2\/pages\/4896\/revisions\/4898"}],"wp:attachment":[{"href":"https:\/\/malicoundadance.com\/fr\/wp-json\/wp\/v2\/media?parent=4896"}],"curies":[{"name":"wp","href":"https:\/\/api.w.org\/{rel}","templated":true}]}}